{"id":2768,"date":"2026-04-03T00:36:27","date_gmt":"2026-04-03T00:36:27","guid":{"rendered":"https:\/\/www.grainplacefoundation.org\/?page_id=2768"},"modified":"2026-04-03T18:52:18","modified_gmt":"2026-04-03T18:52:18","slug":"field-day-2026","status":"publish","type":"page","link":"https:\/\/www.grainplacefoundation.org\/espanol\/field-day-2026\/","title":{"rendered":"Field Day 2026"},"content":{"rendered":"<div data-vc-parallax=\"1.5\" data-vc-parallax-o-fade=\"on\" class=\"vc_row wpb_row vc_row-fluid vc_custom_1775240338572 vc_row-has-fill vc_row-o-content-middle vc_row-flex vc_general vc_parallax vc_parallax-content-moving-fade js-vc_parallax-o-fade\"><div class=\"nt-column col-sm-12\"><div class=\"nt-shortcode-wrapper\"><div class=\"row\"><div class=\"nt-column col-sm-8 nt-col-has-responsive-data\"><div class=\"nt-column-inner nt_inner_column_1541508282771 vc_custom_1749147939882\" data-res-css=\"@media (max-width: 992px) {.nt_inner_column_1541508282771{ margin-left: 50px !important; }}\"><div class=\"nt-wrapper\">\n\t<div class=\"wpb_text_column wpb_content_element\" >\n\t\t<div class=\"wpb_wrapper\">\n\t\t\t<h2 class=\"__title\" style=\"font-family: Storytella; font-weight: 400; font-size: 14rem; color: white;\">d\u00eda de campo<br \/>\n2025<\/h2>\n\n\t\t<\/div>\n\t<\/div>\n<\/div><\/div><\/div><div class=\"nt-column col-sm-4\"><div class=\"nt-column-inner\"><div class=\"nt-wrapper\"><\/div><\/div><\/div><\/div><\/div><\/div><div class=\"nt-column col-sm-12\"><div class=\"nt-shortcode-wrapper\"><\/div><\/div><\/div><div class=\"vc_row wpb_row vc_row-fluid vc_custom_1751656242483\"><div class=\"nt-column col-sm-12\"><div class=\"nt-shortcode-wrapper\"><div class=\"section item_69d050ee7f044 vc_custom_1775242335503\" data-res-css=\"    .section.item_69d050ee7f044 .info-heading span{color: #000000; } .section.item_69d050ee7f044 p{color: #000000; }        \"><div class=\"container\"><div class=\"row\"><div class=\"col-12 col-lg-6\"><h2 class=\"info-heading\">Save The Date <span>July 18, 2026<\/span><\/h2>Join us for our annual Grain Place Foundation Field Day on Saturday, July 18th \u2013 a day of learning, inspiration, and community.<\/p>\n<p>The event will start with a guided tour of our regenerative organic farm and grain processing plant to <strong>see firsthand how we prioritize healthy soil and healthy food<\/strong> at the Grain Place.<\/p>\n<p>Then, we&#8217;ll head to a local venue for an engaging afternoon program featuring a <strong>keynote presentation<\/strong> by The Director of Science and Stewardship for The Nature Conservancy in Nebraska, <strong>Chris Helzer<\/strong>, followed by a panel discussion, and a delicious farm-to-table lunch made with organic ingredients.<\/p>\n<h2>More Info to Come Soon<\/h2>\n<p>We look forward to welcoming you! The event runs from 8:00am to 4:00pm.<br \/>\n&#8211; <strong>Morning tours:<\/strong> 1904 N. Hwy 14, Marquette, NE 68854\u00a0 |\u00a0 8:00 &#8211; 11:00am<br \/>\n&#8211; <strong>Afternoon program:<\/strong> 2211 Q St, Aurora, NE 68818\u00a0 |\u00a0 11:30am &#8211; 4:00pm<\/p>\n<p>Feel free to attend only the morning tours, just the afternoon program, or both.<\/div><div class=\"col-12 my-3 d-lg-none\"><\/div><div class=\"col-12 col-lg-6\"><img decoding=\"async\" src=\"https:\/\/www.grainplacefoundation.org\/wp-content\/uploads\/2026\/04\/vlcsnap-2026-04-02-19h24m22s350.png\" class=\"img-fluid\" alt=\"vlcsnap-2026-04-02-19h24m22s350.png\"><\/div><\/div><\/div><\/div><\/div><\/div><\/div><div class=\"vc_row wpb_row vc_row-fluid vc_custom_1749149809925 vc_row-has-fill\"><div class=\"nt-column col-sm-12\"><div class=\"nt-shortcode-wrapper\">\n\t<div class=\"wpb_text_column wpb_content_element  vc_custom_1775145290620\" >\n\t\t<div class=\"wpb_wrapper\">\n\t\t\t<h2 class=\"__title\" style=\"color: white; text-align: center;\">Chris <span style=\"font-weight: 100;\">Helzer<\/span><\/h2>\n\n\t\t<\/div>\n\t<\/div>\n<div class=\"row\"><div class=\"nt-column col-sm-2\"><div class=\"nt-column-inner\"><div class=\"nt-wrapper\"><\/div><\/div><\/div><div class=\"nt-column col-sm-4 nt-col-has-responsive-data\"><div class=\"nt-column-inner nt_inner_column_1541262373439\" data-res-css=\"@media (max-width: 992px) {.nt_inner_column_1541262373439{ margin-right: 20px !important;margin-left: 20px !important; }}\"><div class=\"nt-wrapper\">\n\t<div class=\"wpb_text_column wpb_content_element\" >\n\t\t<div class=\"wpb_wrapper\">\n\t\t\t<p><span style=\"color: #ffffff;\">Chris Helzer is Director of Science and Stewardship for The Nature Conservancy in Nebraska, where he conducts research and supervises the Conservancy\u2019s preserve stewardship program. He also helps develop, test, and share prairie management and restoration strategies.<\/span><\/p>\n<p><span style=\"color: #ffffff;\">Chris is also dedicated to raising awareness about the value of prairies through his photography, writing and presentations. He is the author of <a href=\"https:\/\/prairieecologist.com\">The Prairie Ecologist<\/a> blog, and two books: The Ecology and Management of Prairies and Hidden Prairie: Photographing Life in One Square Meter. He is also a frequent contributor to <a href=\"https:\/\/magazine.outdoornebraska.gov\/\">NEBRASKAland<\/a> magazine and other publications. Chris and his family live in Aurora, Nebraska.<\/span><\/p>\n\n\t\t<\/div>\n\t<\/div>\n<\/div><\/div><\/div><div class=\"nt-column col-sm-6\"><div class=\"nt-column-inner\"><div class=\"nt-wrapper\">\n\t<div  class=\"wpb_single_image wpb_content_element vc_align_center  vc_custom_1775145263097\">\n\t\t\n\t\t<figure class=\"wpb_wrapper vc_figure\">\n\t\t\t<div class=\"vc_single_image-wrapper   vc_box_border_grey\"><img loading=\"lazy\" decoding=\"async\" width=\"200\" height=\"300\" src=\"https:\/\/www.grainplacefoundation.org\/wp-content\/uploads\/2026\/04\/ChrisHelzer-HeadShot-200x300.jpg\" class=\"vc_single_image-img attachment-medium\" alt=\"\" title=\"ChrisHelzer HeadShot\" srcset=\"https:\/\/www.grainplacefoundation.org\/wp-content\/uploads\/2026\/04\/ChrisHelzer-HeadShot-200x300.jpg 200w, https:\/\/www.grainplacefoundation.org\/wp-content\/uploads\/2026\/04\/ChrisHelzer-HeadShot-682x1024.jpg 682w, https:\/\/www.grainplacefoundation.org\/wp-content\/uploads\/2026\/04\/ChrisHelzer-HeadShot-768x1152.jpg 768w, https:\/\/www.grainplacefoundation.org\/wp-content\/uploads\/2026\/04\/ChrisHelzer-HeadShot-1024x1536.jpg 1024w, https:\/\/www.grainplacefoundation.org\/wp-content\/uploads\/2026\/04\/ChrisHelzer-HeadShot-8x12.jpg 8w, https:\/\/www.grainplacefoundation.org\/wp-content\/uploads\/2026\/04\/ChrisHelzer-HeadShot-80x120.jpg 80w, https:\/\/www.grainplacefoundation.org\/wp-content\/uploads\/2026\/04\/ChrisHelzer-HeadShot-160x240.jpg 160w, https:\/\/www.grainplacefoundation.org\/wp-content\/uploads\/2026\/04\/ChrisHelzer-HeadShot-240x360.jpg 240w, https:\/\/www.grainplacefoundation.org\/wp-content\/uploads\/2026\/04\/ChrisHelzer-HeadShot-320x480.jpg 320w, https:\/\/www.grainplacefoundation.org\/wp-content\/uploads\/2026\/04\/ChrisHelzer-HeadShot-547x820.jpg 547w, https:\/\/www.grainplacefoundation.org\/wp-content\/uploads\/2026\/04\/ChrisHelzer-HeadShot-693x1040.jpg 693w, https:\/\/www.grainplacefoundation.org\/wp-content\/uploads\/2026\/04\/ChrisHelzer-HeadShot-600x900.jpg 600w, https:\/\/www.grainplacefoundation.org\/wp-content\/uploads\/2026\/04\/ChrisHelzer-HeadShot.jpg 1333w\" sizes=\"auto, (max-width: 200px) 100vw, 200px\" \/><\/div>\n\t\t<\/figure>\n\t<\/div>\n<\/div><\/div><\/div><\/div><\/div><\/div><\/div><div class=\"vc_row wpb_row vc_row-fluid\"><div class=\"nt-column col-sm-12\"><div class=\"nt-shortcode-wrapper\">\n\t<div class=\"wpb_text_column wpb_content_element  vc_custom_1749142741263\" >\n\t\t<div class=\"wpb_wrapper\">\n\t\t\t<h2 class=\"__title\" style=\"text-align: center;\">Become a <span style=\"font-weight: 100;\">Sponsor<\/span><\/h2>\n\n\t\t<\/div>\n\t<\/div>\n<div class=\"row\"><div class=\"nt-column col-sm-12\"><div class=\"nt-column-inner\"><div class=\"nt-wrapper\">\n\t<div class=\"wpb_text_column wpb_content_element\" >\n\t\t<div class=\"wpb_wrapper\">\n\t\t\t<div class=\"section-heading section-heading--center item_68420077b0664 vc_custom_1749152243606\">\n<p style=\"text-align: center;\">We are currently seeking additional Sponsors for Field Day 2026. Your donations support not only the Field Day event, but enable the ongoing work of the Grain Place Foundation.<\/p>\n<p style=\"text-align: center;\"><a class=\"custom-btn custom-btn--medium custom-btn--style-1\" href=\"https:\/\/www.aplos.com\/aws\/give\/GrainPlaceFoundation\/2025sponsor\" target=\"_blank\" rel=\"noopener\">Become a Sponsor<\/a><\/p>\n<\/div>\n\n\t\t<\/div>\n\t<\/div>\n<\/div><\/div><\/div><\/div><\/div><\/div><\/div><div class=\"vc_row wpb_row vc_row-fluid vc_custom_1749310409817\"><div class=\"nt-column col-sm-12\"><div class=\"nt-shortcode-wrapper\"><div class=\"row\"><div class=\"nt-column col-sm-2 nt-col-has-responsive-data\"><div class=\"nt-column-inner nt_inner_column_1541163838289 vc_custom_1749311927953\" data-res-css=\"@media (max-width: 992px) {.nt_inner_column_1541163838289{ margin-top: 30px !important; }} @media (max-width: 768px) {.nt_inner_column_1541163838289{ margin-top: 10px !important; }} @media (max-width: 576px) {.nt_inner_column_1541163838289{ margin-top: 5px !important; }}\"><div class=\"nt-wrapper\">\n\t<div class=\"wpb_text_column wpb_content_element\" >\n\t\t<div class=\"wpb_wrapper\">\n\t\t\t<h2 class=\"__title\" style=\"font-family: Storytella; font-weight: 100; font-size: 6rem;\">Meet the Chef<\/h2>\n\n\t\t<\/div>\n\t<\/div>\n\n\t<div class=\"wpb_text_column wpb_content_element\" >\n\t\t<div class=\"wpb_wrapper\">\n\t\t\t<p>Farm to table lunch prepared by Chef John Boeder at The Leadership Center<\/p>\n\n\t\t<\/div>\n\t<\/div>\n<\/div><\/div><\/div><div class=\"nt-column col-sm-2 nt-col-has-responsive-data\"><div class=\"nt-column-inner nt_inner_column_1541704535747 vc_custom_1749310874442\" data-res-css=\"@media (max-width: 992px) {.nt_inner_column_1541704535747{ margin-top: 20px !important; }} @media (max-width: 768px) {.nt_inner_column_1541704535747{ margin-top: 5px !important; }}\"><div class=\"nt-wrapper\">\n\t<div  class=\"wpb_single_image wpb_content_element vc_align_center  vc_custom_1749310596165\">\n\t\t\n\t\t<figure class=\"wpb_wrapper vc_figure\">\n\t\t\t<div class=\"vc_single_image-wrapper   vc_box_border_grey\"><img loading=\"lazy\" decoding=\"async\" width=\"200\" height=\"300\" src=\"https:\/\/www.grainplacefoundation.org\/wp-content\/uploads\/2025\/06\/JohnBoeder.jpeg\" class=\"vc_single_image-img attachment-large\" alt=\"\" title=\"JohnBoeder\" srcset=\"https:\/\/www.grainplacefoundation.org\/wp-content\/uploads\/2025\/06\/JohnBoeder.jpeg 200w, https:\/\/www.grainplacefoundation.org\/wp-content\/uploads\/2025\/06\/JohnBoeder-8x12.jpeg 8w, https:\/\/www.grainplacefoundation.org\/wp-content\/uploads\/2025\/06\/JohnBoeder-80x120.jpeg 80w, https:\/\/www.grainplacefoundation.org\/wp-content\/uploads\/2025\/06\/JohnBoeder-160x240.jpeg 160w\" sizes=\"auto, (max-width: 200px) 100vw, 200px\" \/><\/div>\n\t\t<\/figure>\n\t<\/div>\n<\/div><\/div><\/div><div class=\"nt-column col-sm-8\"><div class=\"nt-column-inner\"><div class=\"nt-wrapper\">\n\t<div class=\"wpb_text_column wpb_content_element  vc_custom_1749310049652\" >\n\t\t<div class=\"wpb_wrapper\">\n\t\t\t<h2 class=\"__title\" style=\"text-align: center;\">John<span style=\"font-weight: 100;\">Boeder<\/span><\/h2>\n\n\t\t<\/div>\n\t<\/div>\n\n\t<div class=\"wpb_text_column wpb_content_element\" >\n\t\t<div class=\"wpb_wrapper\">\n\t\t\t<h4 style=\"text-align: center;\">Executive Chef<\/h4>\n<div>\n<p>As the Executive Chef at The Leadership Center in Aurora, Nebraska, I\u2019ve turned a lifelong love of food into a mission of connection and hospitality. My passion started in the kitchen with my family and has grown through years of hands-on experience, learning alongside talented professionals and always staying curious.<\/p>\n<p>At The Leadership Center, I lead a dedicated culinary team that prepares meals for groups ranging from 10 to over 500 guests. We cater across the state and serve communities through our food truck, bringing quality meals to people from all walks of life.<\/p>\n<p>Teaching is one of the most fulfilling parts of my role. I work with students in the kitchen on everything from candy and chocolate making to smoking meats and baking thousands of Christmas cookies. I\u2019ve led hands-on classes in cake decorating, candy-making, and even sushi rolling. We\u2019re committed to ensuring every guest is well-fed, including those with special dietary needs\u2014because everyone deserves a meal that tastes great and meets their needs.<\/p>\n<p>I believe a good meal can do more than satisfy hunger\u2014it can build community, spark conversation, and create lasting memories. &#8220;Creating Moments that Matter&#8221;\n<\/p><\/div>\n\n\t\t<\/div>\n\t<\/div>\n<\/div><\/div><\/div><\/div><\/div><\/div><\/div><div class=\"vc_row wpb_row vc_row-fluid vc_custom_1751386852731 vc_row-has-fill\"><div class=\"nt-column col-sm-12\"><div class=\"nt-shortcode-wrapper\">\n\t<div class=\"wpb_text_column wpb_content_element  vc_custom_1751659267775\" >\n\t\t<div class=\"wpb_wrapper\">\n\t\t\t<p style=\"text-align: center;\">Lodging is available at <a href=\"https:\/\/tlcaurora.org\/services\/lodging.html\">The Leadership Center<\/a>, a premier conference and retreat center located in Aurora, Nebraska.<\/p>\n\n\t\t<\/div>\n\t<\/div>\n\n\t<div  class=\"wpb_single_image wpb_content_element vc_align_center  vc_custom_1751243046826\">\n\t\t\n\t\t<figure class=\"wpb_wrapper vc_figure\">\n\t\t\t<a href=\"https:\/\/tlcaurora.org\/services\/lodging.html\" target=\"_blank\" class=\"vc_single_image-wrapper   vc_box_border_grey\"><img loading=\"lazy\" decoding=\"async\" width=\"150\" height=\"150\" src=\"https:\/\/www.grainplacefoundation.org\/wp-content\/uploads\/2025\/04\/tlc-150x150.png\" class=\"vc_single_image-img attachment-thumbnail\" alt=\"\" title=\"tlc\" srcset=\"https:\/\/www.grainplacefoundation.org\/wp-content\/uploads\/2025\/04\/tlc-150x150.png 150w, https:\/\/www.grainplacefoundation.org\/wp-content\/uploads\/2025\/04\/tlc-12x12.png 12w, https:\/\/www.grainplacefoundation.org\/wp-content\/uploads\/2025\/04\/tlc-120x120.png 120w, https:\/\/www.grainplacefoundation.org\/wp-content\/uploads\/2025\/04\/tlc-240x240.png 240w, https:\/\/www.grainplacefoundation.org\/wp-content\/uploads\/2025\/04\/tlc-360x360.png 360w, https:\/\/www.grainplacefoundation.org\/wp-content\/uploads\/2025\/04\/tlc-480x480.png 480w, https:\/\/www.grainplacefoundation.org\/wp-content\/uploads\/2025\/04\/tlc-300x300.png 300w, https:\/\/www.grainplacefoundation.org\/wp-content\/uploads\/2025\/04\/tlc-100x100.png 100w\" sizes=\"auto, (max-width: 150px) 100vw, 150px\" \/><\/a>\n\t\t<\/figure>\n\t<\/div>\n<\/div><\/div><\/div><div class=\"vc_row wpb_row vc_row-fluid\"><div class=\"nt-column col-sm-12\"><div class=\"nt-shortcode-wrapper\"><div class=\"section item_69d050ee85a8e\" data-res-css=\"             \"><div class=\"container\"><div class=\"row\"><div class=\"col-12 col-lg-6\"><h2 class=\"info-heading\">Programa de Asociaci\u00f3n de Transici\u00f3n a lo Org\u00e1nico (Transition to Organic Partnership Program) <span>(TOPP)<\/span><\/h2>El d\u00eda de campo es apoyado por el departamento de Agricultura de Estados Unidos (USDA) Programa de asociaci\u00f3n de transici\u00f3n a lo org\u00e1nico (TOPP). TOPP es un programa de la Iniciativa de Transici\u00f3n Org\u00e1nica de la USDA y es administrada por el Servicio de Comercializaci\u00f3n Agr\u00edcola (AMS) de la USDA, Programa Org\u00e1nico Nacional (NOP).<\/div><div class=\"col-12 my-3 d-lg-none\"><\/div><div class=\"col-12 col-lg-6\"><img decoding=\"async\" src=\"https:\/\/www.grainplacefoundation.org\/wp-content\/uploads\/2023\/06\/USDA_AMS_NOP_TOPP_greenFont-1536x382-1.jpg\" class=\"img-fluid\" alt=\"Transition to Organic Partnership Program\"><\/div><\/div><\/div><\/div><\/div><\/div><\/div>","protected":false},"excerpt":{"rendered":"Field Day 2025 Save The Date July 18, 2026Join us for our annual Grain Place Foundation Field Day on Saturday, July 18th \u2013 a day of learning, inspiration, and community. The event will start with a guided tour of our regenerative organic farm and grain processing plant to see firsthand how we prioritize healthy soil...","protected":false},"author":1,"featured_media":0,"parent":0,"menu_order":0,"comment_status":"closed","ping_status":"closed","template":"custom-page.php","meta":{"om_disable_all_campaigns":false,"_monsterinsights_skip_tracking":false,"_monsterinsights_sitenote_active":false,"_monsterinsights_sitenote_note":"","_monsterinsights_sitenote_category":0,"_uf_show_specific_survey":0,"_uf_disable_surveys":false,"footnotes":""},"class_list":["post-2768","page","type-page","status-publish","hentry"," nt-post-class"],"aioseo_notices":[],"_links":{"self":[{"href":"https:\/\/www.grainplacefoundation.org\/espanol\/wp-json\/wp\/v2\/pages\/2768","targetHints":{"allow":["GET"]}}],"collection":[{"href":"https:\/\/www.grainplacefoundation.org\/espanol\/wp-json\/wp\/v2\/pages"}],"about":[{"href":"https:\/\/www.grainplacefoundation.org\/espanol\/wp-json\/wp\/v2\/types\/page"}],"author":[{"embeddable":true,"href":"https:\/\/www.grainplacefoundation.org\/espanol\/wp-json\/wp\/v2\/users\/1"}],"replies":[{"embeddable":true,"href":"https:\/\/www.grainplacefoundation.org\/espanol\/wp-json\/wp\/v2\/comments?post=2768"}],"version-history":[{"count":13,"href":"https:\/\/www.grainplacefoundation.org\/espanol\/wp-json\/wp\/v2\/pages\/2768\/revisions"}],"predecessor-version":[{"id":2793,"href":"https:\/\/www.grainplacefoundation.org\/espanol\/wp-json\/wp\/v2\/pages\/2768\/revisions\/2793"}],"wp:attachment":[{"href":"https:\/\/www.grainplacefoundation.org\/espanol\/wp-json\/wp\/v2\/media?parent=2768"}],"curies":[{"name":"wp","href":"https:\/\/api.w.org\/{rel}","templated":true}]}}