{"id":2156,"date":"2025-02-08T19:04:34","date_gmt":"2025-02-08T19:04:34","guid":{"rendered":"https:\/\/www.grainplacefoundation.org\/?page_id=2156"},"modified":"2025-04-07T18:19:20","modified_gmt":"2025-04-07T18:19:20","slug":"internships-apply","status":"publish","type":"page","link":"https:\/\/www.grainplacefoundation.org\/espanol\/internships-apply\/","title":{"rendered":"Apply for an Internship"},"content":{"rendered":"<div class=\"agro-section-wrapper vc_custom_1739046737170\"><div class=\"nt-column\"><div class=\"nt-shortcode-wrapper\"><div class=\"section item_69e7912c5a66c\" data-res-css=\"             \"><div class=\"d-none d-lg-block bg-absolute\"><img decoding=\"async\" src=\"https:\/\/www.grainplacefoundation.org\/wp-content\/uploads\/2022\/05\/backgroundGP-1.png\" class=\"img-fluid\" alt=\"backgroundGP-1.png\"><\/div><div class=\"container\"><div class=\"row align-items-center\"><div class=\"col-12 col-lg-4\"><div data-aos=\"fade-left\" data-aos-delay=\"400\" data-aos-offset=\"100\"><div class=\"section-heading\"><h2 class=\"__title\">Internship <span>Opportunity<\/span><\/h2><\/div><\/div><\/div><div class=\"col-12 my-3 d-lg-none\"><\/div><div class=\"col-12 col-lg-4  text-center\"><div data-aos=\"fade-up\" data-aos-delay=\"400\" data-aos-offset=\"100\"><img decoding=\"async\" src=\"https:\/\/www.grainplacefoundation.org\/wp-content\/uploads\/2019\/02\/img_5.png\" class=\"img-fluid\" alt=\"img_5.png\"><\/div><\/div><div class=\"col-12 my-3 d-lg-none\"><\/div><div class=\"col-12 col-lg-4\"><div data-aos=\"fade-right\" data-aos-delay=\"400\" data-aos-offset=\"100\"><p><strong>FARM INTERN<\/strong><br \/>\nGRAIN PLACE FOUNDATION<\/p>\n<\/div><\/div><\/div><\/div><\/div><\/div><\/div><\/div><div class=\"nt_clearfix\"><\/div><div class=\"vc_row wpb_row vc_row-fluid vc_custom_1739048771509\"><div class=\"nt-column\"><div class=\"nt-shortcode-wrapper\">\n\t<div class=\"wpb_text_column wpb_content_element  vc_custom_1739046022996\" >\n\t\t<div class=\"wpb_wrapper\">\n\t\t\t<p><strong><u>Purpose of position<\/u><\/strong><\/p>\n<p>To provide educational and farm experience while helping operate and develop the farm on behalf of the Foundation and family shareholders consistent with the philosophy and systems historically practiced (rotation plans, field layouts, etc.) and the vision and purpose of the Foundation to advance management of life forms in symbiotic relationships for the production of food, feed, and fiber through operations in cooperation with the local ecology and by providing educational programs.<\/p>\n\n\t\t<\/div>\n\t<\/div>\n\n\t<div class=\"wpb_text_column wpb_content_element  vc_custom_1739046053791\" >\n\t\t<div class=\"wpb_wrapper\">\n\t\t\t<p><strong><u>Overview<\/u><\/strong><\/p>\n<p>The Grain Place, Inc. (herein referred to as the farm) is a privately held corporation and is a 280 acre pioneering organic and regenerative farm that has been in the same family since 1953. Controlling ownership resides with Grain Place Foundation, a 501(c)3 non-profit private operating educational and scientific foundation (herein referred to as Foundation). The farm is also home to Grain Place Foods, Inc. (herein referred to as Foods) a separate corporation that processes and packages certified organic grains and grain products. Cooperation and mutual support between The Grain Place and Grain Place Foods is essential to each.<\/p>\n\n\t\t<\/div>\n\t<\/div>\n\n\t<div class=\"wpb_text_column wpb_content_element  vc_custom_1744049952976\" >\n\t\t<div class=\"wpb_wrapper\">\n\t\t\t<p><strong><u>Roles\/Responsibilities and Opportunities\u2026<\/u><\/strong><\/p>\n<p>. . . Work with the Resident Farmer and Farm Manager to perform all tasks associated with the design, establishment, and subsequent upkeep of the farm to ensure a certified organic, sustainable and profitable model is maintained and the health of both animals and crops are kept at the highest level of current certified organic and regenerative standards.<\/p>\n<p>. . .To gain experience and develop proficiency in performing a variety of tasks required to carry out farm operations in harmony with nature including but not limited to:<\/p>\n<ul>\n<li>Adquirir, desarrollar, mantener y usar equipo agr\u00edcola<\/li>\n<li>Realizar pr\u00e1cticas de campo apropiadas.<\/li>\n<li>Tomar decisiones y practicar el riego y la gesti\u00f3n del agua.<\/li>\n<li>Cuidado del ganado\/ pr\u00e1cticas de cr\u00eda de ganado para el bienestar de los animales.<\/li>\n<li>Gestionar el horario de trabajo para completar las tareas de manera oportuna en armon\u00eda con la naturaleza y al mismo tiempo mantener la salud personal<\/li>\n<li>Maintaining records on farm and for USDA Organic, Regenerative, and other certifications<\/li>\n<li>Podar el pasto alrededor de los campos agr\u00edcolas, \u00e1rea del ganado y pastos; y tu \u00e1rea de vivienda.<\/li>\n<li>Colaborar con Grain Place Foods compartiendo el equipo y manteniendo la propiedad, incluyendo pero no limitado a limpieza de nieve, \u00e1reas de tr\u00e1nsito y otras \u00e1reas comunes.<\/li>\n<\/ul>\n<p>&nbsp;<\/p>\n<p>. . . Opportunity to become a contributing member of the farm and part of a new generation of organic and regenerative farmers through:<\/p>\n<ul>\n<li>Two way learning &#8211; you will have the opportunity to learn from others and others will have the opportunity to learn from your insights and ideas.<\/li>\n<li>Dedicar tiempo para aprender sobre sistemas de agricultura org\u00e1nica certificada con una fuerte adhesi\u00f3n a la direcci\u00f3n establecida de Grain Place durante las \u00faltimas cuatro d\u00e9cadas.<\/li>\n<li>Adquirir experiencia en la granja, incluida tutor\u00eda de veteranos de la agricultura org\u00e1nica y regenerativa.<\/li>\n<li>The opportunity to explore and grow in areas aligned to your passions and the mission of the farm<\/li>\n<li>Participar en estudios de campo incluida la captura de los datos apropiados<\/li>\n<li>Redactar informes oportunos y participar en la publicaci\u00f3n de resultados.<\/li>\n<li>Participating in seminars with other organizations and hosting visitors<\/li>\n<\/ul>\n\n\t\t<\/div>\n\t<\/div>\n\n\t<div class=\"wpb_text_column wpb_content_element  vc_custom_1739046090219\" >\n\t\t<div class=\"wpb_wrapper\">\n\t\t\t<p><strong><u>Accountability<\/u><\/strong><\/p>\n<p>The Farm Intern works cooperatively with the Farm Manager and Resident Farmer(s) under the direction of the farm management team, led by Glenda Vetter and under the mentorship of David Vetter.<\/p>\n\n\t\t<\/div>\n\t<\/div>\n\n\t<div class=\"wpb_text_column wpb_content_element  vc_custom_1744047197802\" >\n\t\t<div class=\"wpb_wrapper\">\n\t\t\t<p><strong><u>Terms of Employment<\/u><\/strong><\/p>\n<ul>\n<li>This is an entry level position for someone looking to gain firsthand knowledge of and experience practicing Regenerative Organic Agriculture while working at a pathbreaking institution in the industry<\/li>\n<li>This is a full-time, 40hour per-week position with a duration of 4 weeks.<\/li>\n<\/ul>\n\n\t\t<\/div>\n\t<\/div>\n\n\t<div class=\"wpb_text_column wpb_content_element  vc_custom_1739046132062\" >\n\t\t<div class=\"wpb_wrapper\">\n\t\t\t<p><strong><u>Compensation<\/u><\/strong><\/p>\n<ul>\n<li>$15\/hr, 40hours per week with wages paid monthly<\/li>\n<li>Participation in Social Security and Medicare, Worker\u2019s Compensation Insurance<\/li>\n<li>Accommodation in the Intern House subject to House rules<\/li>\n<\/ul>\n\n\t\t<\/div>\n\t<\/div>\n<\/div><\/div><\/div><div class=\"vc_row wpb_row vc_row-fluid vc_custom_1739048785151\"><div class=\"nt-column col-sm-12\"><div class=\"nt-shortcode-wrapper\">\n\t<div class=\"wpb_text_column wpb_content_element\" >\n\t\t<div class=\"wpb_wrapper\">\n\t\t\t\n<div class=\"wpcf7 no-js\" id=\"wpcf7-f1534-o1\" lang=\"en-US\" dir=\"ltr\" data-wpcf7-id=\"1534\">\n<div class=\"screen-reader-response\"><p role=\"status\" aria-live=\"polite\" aria-atomic=\"true\"><\/p> <ul><\/ul><\/div>\n<form action=\"\/espanol\/wp-json\/wp\/v2\/pages\/2156#wpcf7-f1534-o1\" method=\"post\" class=\"wpcf7-form init\" aria-label=\"Contact form\" enctype=\"multipart\/form-data\" novalidate=\"novalidate\" data-status=\"init\" data-trp-original-action=\"\/espanol\/wp-json\/wp\/v2\/pages\/2156#wpcf7-f1534-o1\">\n<fieldset class=\"hidden-fields-container\"><input type=\"hidden\" name=\"_wpcf7\" value=\"1534\" \/><input type=\"hidden\" name=\"_wpcf7_version\" value=\"6.1.5\" \/><input type=\"hidden\" name=\"_wpcf7_locale\" value=\"en_US\" \/><input type=\"hidden\" name=\"_wpcf7_unit_tag\" value=\"wpcf7-f1534-o1\" \/><input type=\"hidden\" name=\"_wpcf7_container_post\" value=\"0\" \/><input type=\"hidden\" name=\"_wpcf7_posted_data_hash\" value=\"\" \/><input type=\"hidden\" name=\"_wpcf7_recaptcha_response\" value=\"\" \/>\n<\/fieldset>\n<div class=\"contact-form js-contact-form\" data-aos=\"fade\">\n\t<div class=\"row\">\n\t\t<div class=\"col-12 col-md-6\">\n\t\t\t<div class=\"input-wrp\">\n\t\t\t\t<p><span class=\"wpcf7-form-control-wrap\" data-name=\"text-928\"><input size=\"40\" maxlength=\"400\" class=\"wpcf7-form-control wpcf7-text wpcf7-validates-as-required textfield\" aria-required=\"true\" aria-invalid=\"false\" placeholder=\"Nombre\" value=\"\" type=\"text\" name=\"text-928\" \/><\/span>\n\t\t\t\t<\/p>\n\t\t\t<\/div>\n\t\t<\/div>\n\t\t<div class=\"col-12 col-md-6\">\n\t\t\t<div class=\"input-wrp\">\n\t\t\t\t<p><span class=\"wpcf7-form-control-wrap\" data-name=\"email-767\"><input size=\"40\" maxlength=\"400\" class=\"wpcf7-form-control wpcf7-email wpcf7-validates-as-required wpcf7-text wpcf7-validates-as-email textfield\" aria-required=\"true\" aria-invalid=\"false\" placeholder=\"Email\" value=\"\" type=\"email\" name=\"email-767\" \/><\/span>\n\t\t\t\t<\/p>\n\t\t\t<\/div>\n\t\t<\/div>\n\t<\/div>\n\t<div class=\"row\">\n\t\t<div class=\"col-12 col-md-6\">\n\t\t\t<div class=\"input-wrp\">\n\t\t\t\t<p><label><br \/>\n<strong>Upload Cover Letter *PDF (max 10mb)<\/strong><br \/>\n<span class=\"wpcf7-form-control-wrap\" data-name=\"file-31\"><input size=\"40\" class=\"wpcf7-form-control wpcf7-file\" accept=\".pdf\" aria-invalid=\"false\" type=\"file\" name=\"file-31\" \/><\/span><br \/>\n<\/label>\n\t\t\t\t<\/p>\n\t\t\t<\/div>\n\t\t<\/div>\n\t\t<div class=\"col-12 col-md-6\">\n\t\t\t<div class=\"input-wrp\">\n\t\t\t\t<p><label><br \/>\n<strong>Upload Resume including References *PDF (max 10mb)<\/strong><br \/>\n<span class=\"wpcf7-form-control-wrap\" data-name=\"file-32\"><input size=\"40\" class=\"wpcf7-form-control wpcf7-file\" accept=\".pdf\" aria-invalid=\"false\" type=\"file\" name=\"file-32\" \/><\/span><br \/>\n<\/label>\n\t\t\t\t<\/p>\n\t\t\t<\/div>\n\t\t<\/div>\n\t<\/div>\n\t<p><input class=\"wpcf7-form-control wpcf7-submit has-spinner custom-btn custom-btn--medium custom-btn--style-4 wide\" type=\"submit\" value=\"Enviar\" \/>\n\t<\/p>\n<\/div><div class=\"wpcf7-response-output\" aria-hidden=\"true\"><\/div>\n<input type=\"hidden\" name=\"trp-form-language\" value=\"espanol\"\/><\/form>\n<\/div>\n\n\n\t\t<\/div>\n\t<\/div>\n<\/div><\/div><\/div>","protected":false},"excerpt":{"rendered":"Internship OpportunityFARM INTERN GRAIN PLACE FOUNDATION Purpose of position To provide educational and farm experience while helping operate and develop the farm on behalf of the Foundation and family shareholders consistent with the philosophy and systems historically practiced (rotation plans, field layouts, etc.) and the vision and purpose of the Foundation to advance management of...","protected":false},"author":1,"featured_media":2140,"parent":0,"menu_order":0,"comment_status":"closed","ping_status":"closed","template":"redux-templates_contained","meta":{"om_disable_all_campaigns":false,"_monsterinsights_skip_tracking":false,"_monsterinsights_sitenote_active":false,"_monsterinsights_sitenote_note":"","_monsterinsights_sitenote_category":0,"_uf_show_specific_survey":0,"_uf_disable_surveys":false,"footnotes":""},"class_list":["post-2156","page","type-page","status-publish","has-post-thumbnail","hentry"," nt-post-class"],"aioseo_notices":[],"_links":{"self":[{"href":"https:\/\/www.grainplacefoundation.org\/espanol\/wp-json\/wp\/v2\/pages\/2156","targetHints":{"allow":["GET"]}}],"collection":[{"href":"https:\/\/www.grainplacefoundation.org\/espanol\/wp-json\/wp\/v2\/pages"}],"about":[{"href":"https:\/\/www.grainplacefoundation.org\/espanol\/wp-json\/wp\/v2\/types\/page"}],"author":[{"embeddable":true,"href":"https:\/\/www.grainplacefoundation.org\/espanol\/wp-json\/wp\/v2\/users\/1"}],"replies":[{"embeddable":true,"href":"https:\/\/www.grainplacefoundation.org\/espanol\/wp-json\/wp\/v2\/comments?post=2156"}],"version-history":[{"count":48,"href":"https:\/\/www.grainplacefoundation.org\/espanol\/wp-json\/wp\/v2\/pages\/2156\/revisions"}],"predecessor-version":[{"id":2342,"href":"https:\/\/www.grainplacefoundation.org\/espanol\/wp-json\/wp\/v2\/pages\/2156\/revisions\/2342"}],"wp:featuredmedia":[{"embeddable":true,"href":"https:\/\/www.grainplacefoundation.org\/espanol\/wp-json\/wp\/v2\/media\/2140"}],"wp:attachment":[{"href":"https:\/\/www.grainplacefoundation.org\/espanol\/wp-json\/wp\/v2\/media?parent=2156"}],"curies":[{"name":"wp","href":"https:\/\/api.w.org\/{rel}","templated":true}]}}