{"id":1711,"date":"2023-10-07T16:03:37","date_gmt":"2023-10-07T16:03:37","guid":{"rendered":"https:\/\/www.grainplacefoundation.org\/?page_id=1711"},"modified":"2025-02-08T18:34:30","modified_gmt":"2025-02-08T18:34:30","slug":"webinars","status":"publish","type":"page","link":"https:\/\/www.grainplacefoundation.org\/espanol\/webinars\/","title":{"rendered":"sesiones web"},"content":{"rendered":"<div class=\"agro-section-wrapper\"><div class=\"nt-column\"><div class=\"nt-shortcode-wrapper\"><div id=\"hero\" class=\"nt-shortcode-hero jarallax section_69e77a19dadde vc_custom_1703780089326\" data-speed=\"0.7\" data-img-position=\"50% 80%\" data-res-css=\"          \"><div class=\"container\"><div class=\"row\"><div class=\"col-12 col-lg-7\"><h1 class=\"__title\"><span>sesiones web<\/span> Videos<\/h1><div class=\"shortcode-page-breadcrumbs breadcrumb\"><div class=\"nt-breadcrumbs\"><ul class=\"nt-breadcrumbs-list\"><li class=\"bitem\"><span><a class=\"breadcrumbs__link\" href=\"https:\/\/www.grainplacefoundation.org\/espanol\/\"><span>Home<\/span><\/a><\/span><\/li><\/ul><\/div><\/div><\/div><\/div><\/div><\/div><\/div><\/div><\/div><div class=\"nt_clearfix\"><\/div><div id=\"bobquinnwebinar\" class=\"agro-section-wrapper vc_custom_1733772908379 nt-has-fill\"><div class=\"container container-stretch\"><div class=\"row\"><div class=\"nt-column\"><div class=\"nt-shortcode-wrapper\"><div class=\"section item_69e77a19dbca1 vc_custom_1733773675205\" data-res-css=\"      .section.item_69e77a19dbca1 .custom-btn {color: #ffffff!important; } .section.item_69e77a19dbca1 .custom-btn:hover {color: #000000!important; } .section.item_69e77a19dbca1 .custom-btn {border-color: #ffffff!important; } .section.item_69e77a19dbca1 .custom-btn:hover {border-color: #ffffff!important; } .section.item_69e77a19dbca1 .custom-btn {background-color: #333333!important; } .section.item_69e77a19dbca1 .custom-btn:hover {background-color: #ffffff!important; }  \"><div class=\"container\"><div class=\"row\"><div class=\"col-12 col-lg-6\"><h2 class=\"info-heading\">Bob Quinn <span>Healing the Earth by Growing Food as Medicine<\/span><\/h2>Bob Quinn was raised on a 2,400 acre family operated wheat and cattle ranch south east of Big Sandy, Montana. He earned a BS in botany in 1970, a MS in plant pathology in 1971 from Montana State University and a PhD in plant biochemistry from the University of California-Davis in 1976. He returned home to run the family farm and ranch in 1978.<\/p>\n<p>In 1983 Bob started Montana Flour &amp; Grains, Inc. (MFG) originally in an effort to market his own grain directly to whole grain bakeries. The business soon expanded beyond his own farm and became a viable market opportunity for many other farmers. In 1986 MFG introduced to the natural food industry an ancient grain similar to durum wheat. This grain was grown only organically and marketed under his own brand name, Kamut, (see <a href=\"http:\/\/kamut.com\" data-saferedirecturl=\"https:\/\/www.google.com\/url?q=http:\/\/kamut.com&amp;source=gmail&amp;ust=1733858846823000&amp;usg=AOvVaw12s1fa4EnUgSKQkej51iLH\">kamut.com<\/a>) and now over 4500 different Kamut brand products are being marketed throughout the world. Over the years his farm has increased to 3400 cultivated acres and 600 acres of pasture.\u00a0 In recent years he has started the Oil Barn which produces high-oleic safflower oil on the farm and Big Sandy Organics which produces the ancient wheat snack Kracklin\u2019 Kamut. In 1986 Bob planted his first organic certified crop, the entire farm was organic by 1989.<\/div><div class=\"col-12 my-3 d-lg-none\"><\/div><div class=\"col-12 col-lg-6\"><img decoding=\"async\" src=\"https:\/\/www.grainplacefoundation.org\/wp-content\/uploads\/2024\/12\/BobQuinnWebinarfinal.png\" class=\"img-fluid\" alt=\"BobQuinnWebinarfinal.png\"><\/div><\/div><\/div><\/div>\n\t<div class=\"wpb_text_column wpb_content_element  vc_custom_1733773641094\" >\n\t\t<div class=\"wpb_wrapper\">\n\t\t\t<p>Bob\u2019s service to the organic industry includes numerous committees and advisory boards including the Montana Grain Growers and the Montana Farm Bureau. He helped form Montana&#8217;s first Organic Crop Improvement Association (OCIA) chapter in 1987 and served as its first president. He has served as secretary of OCIA\u2019s International board of directors and on the first USDA National Organic Standards Board and on a USDA ag research advisory committee. Bob has been a member of the Organic Trade Association (OTA) since 1987 and is a member of their farm advisory committee. He has served on the board of The Organic Center including as chair of the science committee. He is a member of IFOAM-Organics International and helped to form the IFOAM North American Regional group and was elected to their first Broad of Directors.<\/p>\n<p>He is also the recipient of several awards including being named as one of Montana State University&#8217;s 100 outstanding alumni from their first hundred years, a lifetime service award from the Montana Organic Association in 2007, the National Organic Leadership Award from the Organic Trade Association in 2010, 2013 Rodale Institute Organic Pioneer, and in 2016 he received New Hope\u2019s Hall of Legends award.<\/p>\n<p>In 2018 he rented out his farm to two of his employees. He still promotes organic and sustainable agriculture, locally produced food and fuel as well as promoting the idea that food should be our medicine and medicine should be our food. He also promotes food production systems based on producing high nutrition and quality rather than high yields and works hard warning of the dangers of GMO based food.\u00a0 He has written a book \u201cGrain by Grain\u201d (Island Press, 2019) with co-author, Liz Carlisle summarizing his philosophy of the tie between agriculture, food and health.\u00a0 His most recent focus is the creation of a 700 acre regenerative organic research, education and health institute in the middle of his farm. The Quinn Institute\u2019s vision and mission is \u201chealing the earth by growing food as medicine.\u201d<\/p>\n\n\t\t<\/div>\n\t<\/div>\n\n\t<div class=\"wpb_video_widget wpb_content_element vc_clearfix   vc_custom_1733773297450 vc_video-aspect-ratio-169 vc_video-el-width-100 vc_video-align-center\" >\n\t\t<div class=\"wpb_wrapper\">\n\t\t\t\n\t\t\t<div class=\"wpb_video_wrapper\"><iframe loading=\"lazy\" title=\"Bob Quinn &quot;Healing the Earth by Growing Food as Medicine\u201d\" width=\"960\" height=\"540\" src=\"https:\/\/www.youtube.com\/embed\/W1f1XZdL0VE?feature=oembed\" frameborder=\"0\" allow=\"accelerometer; autoplay; clipboard-write; encrypted-media; gyroscope; picture-in-picture; web-share\" referrerpolicy=\"strict-origin-when-cross-origin\" allowfullscreen><\/iframe><\/div>\n\t\t<\/div>\n\t<\/div>\n<\/div><\/div><\/div><\/div><\/div><div class=\"nt_clearfix\"><\/div><div class=\"agro-section-wrapper vc_custom_1709737747117 nt-has-fill\"><div class=\"container container-stretch\"><div class=\"row\"><div class=\"nt-column\"><div class=\"nt-shortcode-wrapper\"><div class=\"section item_69e77a19dd6c4\" data-res-css=\"      .section.item_69e77a19dd6c4 .custom-btn {color: #ffffff!important; } .section.item_69e77a19dd6c4 .custom-btn:hover {color: #000000!important; } .section.item_69e77a19dd6c4 .custom-btn {border-color: #ffffff!important; } .section.item_69e77a19dd6c4 .custom-btn:hover {border-color: #ffffff!important; } .section.item_69e77a19dd6c4 .custom-btn {background-color: #333333!important; } .section.item_69e77a19dd6c4 .custom-btn:hover {background-color: #ffffff!important; }  \"><div class=\"container\"><div class=\"row\"><div class=\"col-12 col-lg-6\"><h2 class=\"info-heading\">Matthew <span>Sanderson, Ph.D.<\/span><\/h2>\n<h4><b>Good for the soil,<br \/>\n<\/b><\/h4>\n<h2><b>Good for the farmer.<\/b><\/h2>\n<p>Presented by<\/p>\n<p>Matthew Sanderson, Ph.D.<\/p>\n<p>Randall C. Hill Distinguished Professor, Kansas State University<\/p>\n<p>&nbsp;<\/p>\n<p>Este programa cuenta con el apoyo del Programa de Asociaci\u00f3n y Transici\u00f3n a lo Org\u00e1nico del Departamento de Agricultura de Estados Unidos o TOPP. TOPP es un programa de la iniciativa de \nTransici\u00f3n Org\u00e1nica del USDA y es administrado por el Programa Org\u00e1nico Nacional del Servicio de Comercializaci\u00f3n Agr\u00edcola del USDA. Puede encontrar m\u00e1s informaci\u00f3n sobre TOPP aqu\u00ed: https:\/\/www.grainplacefoundation.org\/topp\/<\/p>\n<p><img loading=\"lazy\" decoding=\"async\" class=\"alignnone size-medium wp-image-1555\" src=\"https:\/\/www.grainplacefoundation.org\/wp-content\/uploads\/2023\/09\/Topp_Logo-300x61.png\" alt=\"\" width=\"300\" height=\"61\" srcset=\"https:\/\/www.grainplacefoundation.org\/wp-content\/uploads\/2023\/09\/Topp_Logo-300x61.png 300w, https:\/\/www.grainplacefoundation.org\/wp-content\/uploads\/2023\/09\/Topp_Logo-120x24.png 120w, https:\/\/www.grainplacefoundation.org\/wp-content\/uploads\/2023\/09\/Topp_Logo-240x49.png 240w, https:\/\/www.grainplacefoundation.org\/wp-content\/uploads\/2023\/09\/Topp_Logo-360x73.png 360w, https:\/\/www.grainplacefoundation.org\/wp-content\/uploads\/2023\/09\/Topp_Logo.png 454w\" sizes=\"auto, (max-width: 300px) 100vw, 300px\" \/><\/div><div class=\"col-12 my-3 d-lg-none\"><\/div><div class=\"col-12 col-lg-6\"><img decoding=\"async\" src=\"https:\/\/www.grainplacefoundation.org\/wp-content\/uploads\/2024\/05\/goodforthefarmer.jpeg\" class=\"img-fluid\" alt=\"goodforthefarmer.jpeg\"><\/div><\/div><\/div><\/div>\n\t<div class=\"wpb_video_widget wpb_content_element vc_clearfix   vc_video-aspect-ratio-169 vc_video-el-width-100 vc_video-align-center\" >\n\t\t<div class=\"wpb_wrapper\">\n\t\t\t\n\t\t\t<div class=\"wpb_video_wrapper\"><iframe loading=\"lazy\" title=\"Good for the Soil, Good for the Farmer.  Matthew Sanderson, Ph.D.\" width=\"960\" height=\"720\" src=\"https:\/\/www.youtube.com\/embed\/Kl0IwLiuKYQ?feature=oembed\" frameborder=\"0\" allow=\"accelerometer; autoplay; clipboard-write; encrypted-media; gyroscope; picture-in-picture; web-share\" referrerpolicy=\"strict-origin-when-cross-origin\" allowfullscreen><\/iframe><\/div>\n\t\t<\/div>\n\t<\/div>\n<div class=\"vc_separator wpb_content_element vc_separator_align_center vc_sep_width_100 vc_sep_pos_align_center vc_separator_no_text vc_sep_color_white\" ><span class=\"vc_sep_holder vc_sep_holder_l\"><span  class=\"vc_sep_line\"><\/span><\/span><span class=\"vc_sep_holder vc_sep_holder_r\"><span  class=\"vc_sep_line\"><\/span><\/span>\n<\/div><\/div><\/div><\/div><\/div><\/div><div class=\"nt_clearfix\"><\/div><div id=\"katjawebinar\" data-jarallax data-speed=\"0.2\" data-img-position=\"center\" data-img-size=\"cover\" data-img-repeat=\"no-repeat\"  data-type=\"scroll\" data-img-src=\"https:\/\/www.grainplacefoundation.org\/wp-content\/uploads\/2024\/03\/cover-03.jpg\" class=\"agro-section-wrapper vc_custom_1739039667456 nt-has-fill jarallax jarallax-bg jarallax-content-moving jarallax-bg-scroll mobile-parallax-\"><div class=\"container container-stretch\"><div class=\"row\"><div class=\"nt-column\"><div class=\"nt-shortcode-wrapper\"><div class=\"row nt_row_inner_15416665716 nt_row_inner-has-responsive-data\" data-res-css=\"@media (max-width: 992px) {.nt_row_inner_15416665716{ margin-top: 100px !important;margin-bottom: 100px !important;padding-top: 50px !important;padding-right: 20px !important;padding-bottom: 50px !important;padding-left: 20px !important; }}\"><div class=\"nt-column col-sm-8\"><div class=\"nt-column-inner\"><div class=\"nt-wrapper\">\n\t<div class=\"wpb_video_widget wpb_content_element vc_clearfix   vc_custom_1711126796466 vc_video-aspect-ratio-169 vc_video-el-width-100 vc_video-align-left\" >\n\t\t<div class=\"wpb_wrapper\">\n\t\t\t\n\t\t\t<div class=\"wpb_video_wrapper\"><iframe loading=\"lazy\" title=\"Applying The Soil Health Principles in Organically Managed Row Crops\" width=\"960\" height=\"540\" src=\"https:\/\/www.youtube.com\/embed\/eWptMkmkqeE?feature=oembed\" frameborder=\"0\" allow=\"accelerometer; autoplay; clipboard-write; encrypted-media; gyroscope; picture-in-picture; web-share\" allowfullscreen><\/iframe><\/div>\n\t\t<\/div>\n\t<\/div>\n<\/div><\/div><\/div><div class=\"nt-column col-sm-4 nt-col-has-responsive-data\"><div class=\"nt-column-inner nt_inner_column_1541647335967\" data-res-css=\"@media (max-width: 992px) {.nt_inner_column_1541647335967{ border-top-width: 100px !important;border-bottom-width: 100px !important;padding-top: 50px !important;padding-right: 20px !important;padding-bottom: 50px !important;padding-left: 20px !important;background-color: rgba(255,255,255,0.52) !important;*background-color: rgb(255,255,255) !important; }}\"><div class=\"nt-wrapper\">\n\t<div class=\"wpb_text_column wpb_content_element  vc_custom_1709738125830\" >\n\t\t<div class=\"wpb_wrapper\">\n\t\t\t<h2>Aplicaci\u00f3n de los principios de salud del suelo en cultivos en hileras gestionados org\u00e1nicamente<\/h2>\n<p>Katja Koehler-Cole, Statewide Soil Health Management Extension Educator, Nebraska Extension<\/p>\n\n\t\t<\/div>\n\t<\/div>\n<\/div><\/div><\/div><\/div><\/div><\/div><\/div><\/div><\/div><div class=\"nt_clearfix\"><\/div><div id=\"davidwebinar\" class=\"agro-section-wrapper vc_custom_1709737747117 nt-has-fill\"><div class=\"container container-stretch\"><div class=\"row\"><div class=\"nt-column\"><div class=\"nt-shortcode-wrapper\"><div class=\"section item_69e77a19e4a56\" data-res-css=\"      .section.item_69e77a19e4a56 .custom-btn {color: #ffffff!important; } .section.item_69e77a19e4a56 .custom-btn:hover {color: #000000!important; } .section.item_69e77a19e4a56 .custom-btn {border-color: #ffffff!important; } .section.item_69e77a19e4a56 .custom-btn:hover {border-color: #ffffff!important; } .section.item_69e77a19e4a56 .custom-btn {background-color: #333333!important; } .section.item_69e77a19e4a56 .custom-btn:hover {background-color: #ffffff!important; }  \"><div class=\"container\"><div class=\"row\"><div class=\"col-12 col-lg-6\"><h2 class=\"info-heading\">David <span>Vetter<\/span><\/h2>\n<h4>Entonces, est\u00e1s pensando en producir org\u00e1nico<\/h4>\n<h2>\u00bfY ahora qu\u00e9?<\/h2>\n<p>\u00bfAlguna vez pensaste hacer la transici\u00f3n a lo org\u00e1nico? \u00bfYa te decidiste pero no est\u00e1s seguro de c\u00f3mo empezar? \u00bfQuiz\u00e1s est\u00e1s en el proceso de transici\u00f3n y tienes preguntas?<\/p>\n<p>Si usted (o cualquiera de sus amigos) respondi\u00f3 \"si\" a alguna de estas preguntas, \u00a1este seminario web es para ti!<\/p>\n<p>Pasamos una hora hablando con el agricultor org\u00e1nico pionero, David Vetter, sobre el proceso de transici\u00f3n a lo org\u00e1nico.<\/p>\n<p>Este programa se centrar\u00e1 en pensar y prepararse para la transici\u00f3n a lo org\u00e1nico. Para que abordar tantas preguntas como sea posible, se les pide a los participantes a enviarlas con anticipaci\u00f3n. Env\u00ede sus preguntas a Allison: avetter@grainplacefoods.com<\/p>\n<p>Este programa cuenta con el apoyo del Programa de Asociaci\u00f3n y Transici\u00f3n a lo Org\u00e1nico del Departamento de Agricultura de Estados Unidos o TOPP. TOPP es un programa de la iniciativa de \nTransici\u00f3n Org\u00e1nica del USDA y es administrado por el Programa Org\u00e1nico Nacional del Servicio de Comercializaci\u00f3n Agr\u00edcola del USDA. Puede encontrar m\u00e1s informaci\u00f3n sobre TOPP aqu\u00ed: https:\/\/www.grainplacefoundation.org\/topp\/<\/div><div class=\"col-12 my-3 d-lg-none\"><\/div><div class=\"col-12 col-lg-6\"><img decoding=\"async\" src=\"https:\/\/www.grainplacefoundation.org\/wp-content\/uploads\/2023\/11\/mainslide-01.png\" class=\"img-fluid\" alt=\"mainslide-01.png\"><\/div><\/div><\/div><\/div>\n\t<div class=\"wpb_video_widget wpb_content_element vc_clearfix   vc_video-aspect-ratio-169 vc_video-el-width-100 vc_video-align-center\" >\n\t\t<div class=\"wpb_wrapper\">\n\t\t\t\n\t\t\t<div class=\"wpb_video_wrapper\"><iframe loading=\"lazy\" title=\"So your thinking about going organic... Now What?\" width=\"960\" height=\"540\" src=\"https:\/\/www.youtube.com\/embed\/v8DpOF3SihQ?feature=oembed\" frameborder=\"0\" allow=\"accelerometer; autoplay; clipboard-write; encrypted-media; gyroscope; picture-in-picture; web-share\" allowfullscreen><\/iframe><\/div>\n\t\t<\/div>\n\t<\/div>\n<\/div><\/div><\/div><\/div><\/div><div class=\"nt_clearfix\"><\/div><div id=\"kathleendelatewebinar\" class=\"agro-section-wrapper vc_custom_1701374273269 nt-has-fill\"><div class=\"container container-stretch\"><div class=\"row\"><div class=\"nt-column\"><div class=\"nt-shortcode-wrapper\"><div class=\"section item_69e77a19e6bee\" data-res-css=\"      .section.item_69e77a19e6bee .custom-btn {color: #ffffff!important; } .section.item_69e77a19e6bee .custom-btn:hover {color: #000000!important; } .section.item_69e77a19e6bee .custom-btn {border-color: #ffffff!important; } .section.item_69e77a19e6bee .custom-btn:hover {border-color: #ffffff!important; } .section.item_69e77a19e6bee .custom-btn {background-color: #333333!important; } .section.item_69e77a19e6bee .custom-btn:hover {background-color: #ffffff!important; }  \"><div class=\"container\"><div class=\"row\"><div class=\"col-12 col-lg-6\"><h2 class=\"info-heading\">Transici\u00f3n a lo org\u00e1nico <span>: Consejos de 25 a\u00f1os de investigaci\u00f3n<\/span><\/h2>Dra. Kathleen Delate, Profesora, Universidad del Estado de Iowa. Dr. Delate discutir\u00e1 los resultados de las investigaciones de los \u00faltimos 25 a\u00f1os.<\/div><div class=\"col-12 my-3 d-lg-none\"><\/div><div class=\"col-12 col-lg-6\"><img decoding=\"async\" src=\"https:\/\/www.grainplacefoundation.org\/wp-content\/uploads\/2023\/10\/gpfWebinar10-25-2023-Final-FB-SM.png\" class=\"img-fluid\" alt=\"gpfWebinar10-25-2023-Final-FB-SM.png\"><\/div><\/div><\/div><\/div>\n\t<div class=\"wpb_video_widget wpb_content_element vc_clearfix   vc_video-aspect-ratio-169 vc_video-el-width-100 vc_video-align-center\" >\n\t\t<div class=\"wpb_wrapper\">\n\t\t\t\n\t\t\t<div class=\"wpb_video_wrapper\"><iframe loading=\"lazy\" title=\"Transitioning to Organic: Tips from 25 Years of Research\" width=\"960\" height=\"540\" src=\"https:\/\/www.youtube.com\/embed\/zzvAR6hLvt4?feature=oembed\" frameborder=\"0\" allow=\"accelerometer; autoplay; clipboard-write; encrypted-media; gyroscope; picture-in-picture; web-share\" allowfullscreen><\/iframe><\/div>\n\t\t<\/div>\n\t<\/div>\n<\/div><\/div><\/div><\/div><\/div><div class=\"nt_clearfix\"><\/div><div id=\"webinar1\" class=\"agro-section-wrapper vc_custom_1701374288783 nt-has-fill\"><div class=\"container container-stretch\"><div class=\"row\"><div class=\"nt-column\"><div class=\"nt-shortcode-wrapper\"><div class=\"section item_69e77a19e8dc0\" data-res-css=\"             \"><div class=\"container\"><div class=\"row\"><div class=\"col-12 col-lg-6\"><h2 class=\"info-heading\">Agricultura <span>Org\u00e1nica y convencional<\/span><\/h2>\n<h3>Encuentra puntos en com\u00fan para promover la salud del suelo.<\/h3>\n<p>Abundan las diferencias entre las opciones de uso de insumos en la agricultura org\u00e1nica y convencional, pero todos coinciden en que tenemos que mejorar la salud del suelo. \u00danete a nosotros para un seminario web con Chuck Porter (NRCS, Unadilla, NE), David Meyer (Plant Breeder, Corteva, jubilado) y Chuck Francis (Profesor em\u00e9rito de la UNL) el 27 de septiembre del 2023.<\/p>\n<p>Este seminario web cuenta con el apoyo del Programa de Asociaci\u00f3n de Transici\u00f3n a la Agricultura Org\u00e1nica (TOPP) del Departamento de Agricultura de los Estados Unidos (USDA). TOPP es un programa de la iniciativa de Transici\u00f3n Org\u00e1nica del USDA y es administrado por el Programa Org\u00e1nico Nacional (NOP) del Servicio de Comercializaci\u00f3n Agr\u00edcola (AMS) del USDA.<\/div><div class=\"col-12 my-3 d-lg-none\"><\/div><div class=\"col-12 col-lg-6\"><img decoding=\"async\" src=\"https:\/\/www.grainplacefoundation.org\/wp-content\/uploads\/2023\/10\/Webinar1-Ad-copy.png\" class=\"img-fluid\" alt=\"Webinar1-Ad-copy.png\"><\/div><\/div><\/div><\/div>\n\t<div class=\"wpb_video_widget wpb_content_element vc_clearfix   vc_video-aspect-ratio-169 vc_video-el-width-100 vc_video-align-center\" >\n\t\t<div class=\"wpb_wrapper\">\n\t\t\t\n\t\t\t<div class=\"wpb_video_wrapper\"><iframe loading=\"lazy\" title=\"Organic and Conventional Agriculture Find Common Ground Promoting Soil Health\" width=\"960\" height=\"540\" src=\"https:\/\/www.youtube.com\/embed\/WLGv1-0JodY?feature=oembed\" frameborder=\"0\" allow=\"accelerometer; autoplay; clipboard-write; encrypted-media; gyroscope; picture-in-picture; web-share\" allowfullscreen><\/iframe><\/div>\n\t\t<\/div>\n\t<\/div>\n<\/div><\/div><\/div><\/div><\/div><div class=\"nt_clearfix\"><\/div><div class=\"vc_row wpb_row vc_row-fluid\"><div class=\"nt-column col-sm-12\"><div class=\"nt-shortcode-wrapper\"><\/div><\/div><\/div>","protected":false},"excerpt":{"rendered":"Webinars Video ResourcesHomeBob Quinn Healing the Earth by Growing Food as MedicineBob Quinn was raised on a 2,400 acre family operated wheat and cattle ranch south east of Big Sandy, Montana. He earned a BS in botany in 1970, a MS in plant pathology in 1971 from Montana State University and a PhD in plant...","protected":false},"author":1,"featured_media":0,"parent":0,"menu_order":0,"comment_status":"closed","ping_status":"closed","template":"custom-page.php","meta":{"om_disable_all_campaigns":false,"_monsterinsights_skip_tracking":false,"_monsterinsights_sitenote_active":false,"_monsterinsights_sitenote_note":"","_monsterinsights_sitenote_category":0,"_uf_show_specific_survey":0,"_uf_disable_surveys":false,"footnotes":""},"class_list":["post-1711","page","type-page","status-publish","hentry"," nt-post-class"],"aioseo_notices":[],"_links":{"self":[{"href":"https:\/\/www.grainplacefoundation.org\/espanol\/wp-json\/wp\/v2\/pages\/1711","targetHints":{"allow":["GET"]}}],"collection":[{"href":"https:\/\/www.grainplacefoundation.org\/espanol\/wp-json\/wp\/v2\/pages"}],"about":[{"href":"https:\/\/www.grainplacefoundation.org\/espanol\/wp-json\/wp\/v2\/types\/page"}],"author":[{"embeddable":true,"href":"https:\/\/www.grainplacefoundation.org\/espanol\/wp-json\/wp\/v2\/users\/1"}],"replies":[{"embeddable":true,"href":"https:\/\/www.grainplacefoundation.org\/espanol\/wp-json\/wp\/v2\/comments?post=1711"}],"version-history":[{"count":34,"href":"https:\/\/www.grainplacefoundation.org\/espanol\/wp-json\/wp\/v2\/pages\/1711\/revisions"}],"predecessor-version":[{"id":2147,"href":"https:\/\/www.grainplacefoundation.org\/espanol\/wp-json\/wp\/v2\/pages\/1711\/revisions\/2147"}],"wp:attachment":[{"href":"https:\/\/www.grainplacefoundation.org\/espanol\/wp-json\/wp\/v2\/media?parent=1711"}],"curies":[{"name":"wp","href":"https:\/\/api.w.org\/{rel}","templated":true}]}}