{"id":1524,"date":"2023-09-01T20:14:53","date_gmt":"2023-09-01T20:14:53","guid":{"rendered":"https:\/\/www.grainplacefoundation.org\/?page_id=1524"},"modified":"2026-02-19T18:41:22","modified_gmt":"2026-02-19T18:41:22","slug":"topp","status":"publish","type":"page","link":"https:\/\/www.grainplacefoundation.org\/espanol\/topp\/","title":{"rendered":"Programa de Asociaci\u00f3n de Transici\u00f3n a lo Org\u00e1nico (Transition to Organic Partnership Program)"},"content":{"rendered":"<div class=\"agro-section-wrapper\"><div class=\"nt-column\"><div class=\"nt-shortcode-wrapper\"><div id=\"hero\" class=\"nt-shortcode-hero jarallax section_69e77a172b861 vc_custom_1693599812995\" data-speed=\"0.7\" data-img-position=\"50% 80%\" data-res-css=\"          \"><div class=\"container\"><div class=\"row\"><div class=\"col-12 col-lg-7\"><h1 class=\"__title\"><span>Programa de Asociaci\u00f3n de Transici\u00f3n a lo Org\u00e1nico (Transition to Organic Partnership Program)<\/span> TOPP<\/h1><p class=\"nt-hero-desc\">TOPP es un programa de la Iniciativa de Transici\u00f3n Org\u00e1nica y es administrada por la USDA por el Servicio de Comercializaci\u00f3n Agr\u00edcola (AMS) y el Programa Org\u00e1nico Nacional (NOP)<\/p><div class=\"shortcode-page-breadcrumbs breadcrumb\"><div class=\"nt-breadcrumbs\"><ul class=\"nt-breadcrumbs-list\"><li class=\"bitem\"><span><a class=\"breadcrumbs__link\" href=\"https:\/\/www.grainplacefoundation.org\/espanol\/\"><span>Home<\/span><\/a><\/span><\/li><\/ul><\/div><\/div><\/div><\/div><\/div><\/div><\/div><\/div><\/div><div class=\"nt_clearfix\"><\/div><div class=\"agro-section-wrapper\"><div class=\"nt-column col-sm-12\"><div class=\"nt-shortcode-wrapper\"><div class=\"section section--no-pb jarallax item_69e77a172ca54 vc_custom_1693951139661\" data-speed=\"0.4\" data-img-position=\"50% 65%\" data-res-css=\"   .section.item_69e77a172ca54 .section-heading .__title {color: #000000; } .section.item_69e77a172ca54 .section-heading .__title span{color: #000000; }  .section.item_69e77a172ca54 .js-slick .__item h3{color: #000000; } .section.item_69e77a172ca54 .js-slick .__item h3 span{color: #000000; } \"><div class=\"container\"><div class=\"section-heading section-heading--center section-heading--white\" data-aos=\"fade\"><h2 class=\"__title translation-block\">La Asociaci\u00f3n TOPP<\/h2><\/div><div class=\"simple-text-block simple-text-block--no-pb\"><div class=\"row justify-content-md-center\"><div class=\"col-12 col-md-11\"><div class=\"row justify-content-lg-between no-gutters\"><div class=\"col-12 col-lg-5\"><img decoding=\"async\" src=\"https:\/\/www.grainplacefoundation.org\/wp-content\/uploads\/2023\/09\/Topp_Logo.png\" class=\"img-fluid\" alt=\"Topp_Logo.png\"><\/div><div class=\"col-12 my-3 d-lg-none\"><\/div><div class=\"col-12 col-lg-6\"><div class=\"js-slick slick_69e77a172ca56\" data-slick='{\"autoplay\": false, \"arrows\": false, \"dots\": false, \"pauseOnHover\": false, \"speed\": 1000}'><div class=\"__item\"><p>La fundaci\u00f3n Grain Place es socio de una Asociaci\u00f3n de mejora de cultivos org\u00e1nicos (OCIA) en la regi\u00f3n de las llanuras del Programa de Asociaci\u00f3n de Transici\u00f3n a lo Org\u00e1nico del USDA (TOPP). El prop\u00f3sito de TOPP es aumentar la cantidad de granjas y empresas org\u00e1nicas certificadas por la USDA. Como socio de OCIA. Con nuestra larga historia de participaci\u00f3n en granos org\u00e1nicos y ayudando a desarrollar nuevos productos, la Fundaci\u00f3n Grain Place puede ofrecer una variedad de oportunidades para personas que desean aprender sobre la certificaci\u00f3n org\u00e1nica o empleos en la industria org\u00e1nica certificada.<\/p>\n<\/div><\/div><\/div><\/div><\/div><\/div><\/div><\/div><\/div><div class=\"vc_btn3-container  custom-btn--style-1 vc_btn3-center vc_custom_1706202089678\" ><a onmouseleave=\"this.style.borderColor='#3f3f3f'; this.style.backgroundColor='transparent'; this.style.color='#3f3f3f'\" onmouseenter=\"this.style.borderColor='#fcdb5a'; this.style.backgroundColor='#fcdb5a'; this.style.color='#3f3f3f';\" style=\"border-color:#3f3f3f; color:#3f3f3f;\" class=\"vc_general vc_btn3 vc_btn3-size-lg vc_btn3-shape-rounded vc_btn3-style-outline-custom\" href=\"https:\/\/www.organictransition.org\/\" title=\"Ir a la p\u00e1gina Web de TOPP\">Ir a la p\u00e1gina Web de TOPP<\/a><\/div><\/div><\/div><\/div><div class=\"nt_clearfix\"><\/div><div id=\"tours\" class=\"vc_row wpb_row vc_row-fluid vc_custom_1771526481417 vc_row-has-fill\"><div class=\"nt-column col-sm-12\"><div class=\"nt-shortcode-wrapper\"><div class=\"section section--no-pt section--no-pb section--gutter\" data-res-css=\"                 \"><div class=\"simple-banner simple-banner--style-1 banner_69e77a172dbd6\" data-aos=\"fade\" data-aos-offset=\"50\"><div class=\"container\"><div class=\"row\"><div class=\"col-12\"><div class=\"__inner\"><div class=\"row\"><div class=\"col-12 col-lg-7 col-xl-5\"><div class=\"banner__text\" data-aos=\"fade-left\" data-delay=\"500\"><h2 class=\"__title h1\"><b>Tour<\/b> <span>Grain Place<\/span><\/h2><p>Ofrecemos tours en la granja de Grain Place y en Grain Place Foods a personas y grupos que quieran ver de primer mano lo que sucede aqu\u00ed.<\/p>\n<\/div><\/div><\/div><\/div><\/div><\/div><\/div><\/div><\/div><div class=\"section section_69e77a172dc3b\" data-res-css=\" \">\n            <div class=\"container-fluid\">\n\n\n                <div class=\"product-promo product-promo--style-2\">\n                    <div class=\"__inner\">\n                        <div class=\"row no-gutters  js-isotope js-isotope_69e77a172dc3d\" data-isotope-options='{\"itemSelector\": \".js-isotope__item\",\"transitionDuration\": \"0.8s\",\"percentPosition\": \"true\",\t\"masonry\": { \"columnWidth\": \".js-isotope__sizer\" }}'>\n                            <div class=\"col-12 col-sm-2 col-md-4  js-isotope__sizer\"><\/div><div class=\"col-12 col-sm-2 col-md-4 js-isotope__item\"><div class=\"__item\" ><figure class=\"__image\"><img decoding=\"async\" src=\"https:\/\/www.grainplacefoundation.org\/wp-content\/uploads\/2023\/09\/GrainFacilityTour.jpg\" class=\"img-fluid\" alt=\"GrainFacilityTour.jpg\"><\/figure><div class=\"__content\"><h2 class=\"__title\">Tour our  <br><span>Facilities<\/span><\/h2><\/div><a class=\"__link\" href=\"mailto:avetter@grainplacefoods.com?subject=Facility%20Tour\"><\/a><\/div><\/div><div class=\"col-12 col-sm-2 col-md-4 js-isotope__item\"><div class=\"__item\" ><figure class=\"__image\"><img decoding=\"async\" src=\"https:\/\/www.grainplacefoundation.org\/wp-content\/uploads\/2023\/06\/fieldday.jpeg\" class=\"img-fluid\" alt=\"fieldday.jpeg\"><\/figure><div class=\"__content\"><h2 class=\"__title\">Tour Our <br><span>De la granja<\/span><\/h2><\/div><a class=\"__link\" href=\"mailto:avetter@grainplacefoods.com?subject=Farm%20Tour\"><\/a><\/div><\/div><\/div>\n                    <\/div>\n                <\/div>\n            <\/div>\n        <\/div><\/div><\/div><\/div><div id=\"Consult\" class=\"vc_row wpb_row vc_row-fluid\"><div class=\"nt-column col-sm-12\"><div class=\"nt-shortcode-wrapper\"><div class=\"section item_69e77a172f2cc\" data-res-css=\"             \"><div class=\"d-none d-lg-block bg-absolute\"><img decoding=\"async\" src=\"https:\/\/www.grainplacefoundation.org\/wp-content\/uploads\/2022\/05\/backgroundGP-1.png\" class=\"img-fluid\" alt=\"backgroundGP-1.png\"><\/div><div class=\"container\"><div class=\"row align-items-center\"><div class=\"col-12 col-lg-4\"><div><div class=\"section-heading\"><h2 class=\"__title translation-block\">Solicitar una consulta<\/h2><\/div><p class=\"d-none d-sm-block\"><a class=\"custom-btn custom-btn--medium custom-btn--style-1\" href=\"mailto:avetter@grainplacefoods.com?subject=Consult%20Contact\">Solicitar una consulta<\/a><\/p><\/div><\/div><div class=\"col-12 my-3 d-lg-none\"><\/div><div class=\"col-12 col-lg-4  text-center\"><div><img decoding=\"async\" src=\"https:\/\/www.grainplacefoundation.org\/wp-content\/uploads\/2023\/06\/david.png\" class=\"img-fluid\" alt=\"david.png\"><\/div><\/div><div class=\"col-12 my-3 d-lg-none\"><\/div><div class=\"col-12 col-lg-4\"><div><p>Consulta a quienes se encuentran en diversas etapas del proceso de certificaci\u00f3n org\u00e1nica, desde los curiosos hasta aquellos con problemas e inquietudes espec\u00edficas que ya est\u00e1n certificados. David Vetter ha sido un pionero en estos campos desde hace 40 a\u00f1os. Contamos con una red de otras personas con experiencia y conocimiento en agricultura org\u00e1nica y manipulaci\u00f3n de alimentos. Nuestra granja tiene una larga trayectoria de participaci\u00f3n en varios estudios e investigaciones que podemos compartir.<\/p>\n<p class=\"d-sm-none\"><a class=\"custom-btn custom-btn--medium custom-btn--style-1\" href=\"mailto:avetter@grainplacefoods.com?subject=Consult%20Contact\">Solicitar una consulta<\/a><\/p><\/div><\/div><\/div><\/div><\/div><\/div><\/div><\/div><div class=\"agro-section-wrapper vc_custom_1693671664159 nt-has-fill\"><div class=\"nt-column\"><div class=\"nt-shortcode-wrapper\"><div class=\"section item_69e77a17304a1\" data-res-css=\"     .section.item_69e77a17304a1 p{color: #000000; }        \"><div class=\"container\"><div class=\"row\"><div class=\"col-12 col-lg-6\"><h2 class=\"info-heading translation-block\">Conferencias en l\u00ednea y grupos de apoyo<\/h2><span style=\"color: #000000;\">Contamos con <strong><a href=\"https:\/\/www.grainplacefoundation.org\/webinars\/\">conferencias en l\u00ednea<\/a> y grupos de apoyo<\/strong> para aquellos con intereses espec\u00edficos incluyendo: agricultores org\u00e1nicos existentes, agricultores interesados en la transici\u00f3n, propietarios, aquellos interesados en la comercializaci\u00f3n, etc.<\/span><p><a class=\"custom-btn custom-btn--medium custom-btn--style-1\" href=\"mailto:avetter@grainplacefoods.com\">Descubre m\u00e1s<\/a><\/p><\/div><div class=\"col-12 my-3 d-lg-none\"><\/div><div class=\"col-12 col-lg-6\"><img decoding=\"async\" src=\"https:\/\/www.grainplacefoundation.org\/wp-content\/uploads\/2023\/09\/webinar.png\" class=\"img-fluid\" alt=\"webinar.png\"><\/div><\/div><\/div><\/div><\/div><\/div><\/div><div class=\"nt_clearfix\"><\/div><div id=\"intern\" class=\"agro-section-wrapper\"><div class=\"nt-column\"><div class=\"nt-shortcode-wrapper\"><div class=\"section section--dark-bg jarallax section_69e77a1730fc7\" data-speed=\"0.5\" data-img-position=\"50% 80%\" data-res-css=\"             \"><img decoding=\"async\" src=\"https:\/\/www.grainplacefoundation.org\/wp-content\/uploads\/2023\/09\/cornbackground-01.jpg\" class=\"jarallax-img\" alt=\"cornbackground-01.jpg\"><div class=\"container\"><div class=\"row\"><div class=\"col-12 col-md-8 col-lg-6\"><div data-aos=\"fade-left\" data-aos-easing=\"ease-out-quad\" data-aos-duration=\"700\"><h2 class=\"text-white\">Haz tus pr\u00e1cticas profesionales <br><span>Grain Place<\/span><\/h2><div class=\"text-white\">Looking for an unforgettable summer experience on an organic farm? Want to swap the hustle and bustle for open skies, hands-on farming, and a real connection to your food? The Grain Place Farm is calling.<\/p>\n<p>We\u2019re looking for two Farm Interns to join us on our 280-acre farm in the heart of Nebraska\u2014where we produce grains, legumes, and pastured livestock using the highest level of certified organic and regenerative agricultural practices. This internship is paid ($15\/hour), with free housing available on the farm in our new intern house.<\/p>\n<p>The ideal candidate is passionate about growing healthy food; working with (rather than against) nature; and seeking foundational and transformational experiences in their academic and\/or career journey.<\/p>\n<p>As an intern at the Grain Place Farm, you\u2019ll work alongside our Resident Farmer and Farm Manager on diverse crop production, livestock care, and general farm upkeep. This isn\u2019t just any farm internship, it\u2019s an opportunity to be part of a unique nine-year crop rotation system that produces abundant yields without synthetic fertilizers or pesticides. You\u2019ll gain practical skills and big-picture thinking related to soil health, agroecology, and holistic farm management. Additionally, you\u2019ll be encouraged to spend time reflecting and pursuing personal education related to your interests.<\/p>\n<p>The Grain Place Farm has played a role in transforming the lives and career aspirations of previous interns. To take a sneak peek into their experiences, please see our intern blog <a href=\"https:\/\/www.grainplacefoundation.org\/intern-blog\/\">aqu\u00ed <\/a>and read the Organic Center\u2019s interview with a former intern (now board member!) <a href=\"https:\/\/www.organic-center.org\/teaching-and-living-organic-way-heart-nebraska\">aqu\u00ed<\/a>. You can meet our farmers <a href=\"https:\/\/www.grainplacefoundation.org\/our-farmers\">aqu\u00ed<\/a>. Finally, you can watch a documentary about the farm <a href=\"https:\/\/dreamingofavetterworld.com\/\">aqu\u00ed<\/a>.<\/p>\n<p><strong>Review of applications will begin March 1 and continue until the spots are filled.<\/strong><\/p>\n<p style=\"text-align: center;\"><a class=\"custom-btn custom-btn--medium custom-btn--style-4\" href=\"https:\/\/www.grainplacefoundation.org\/internships-apply\">APPLY HERE<\/a><\/p>\n<\/div><\/div><\/div><\/div><\/div><div class=\"py-4 py-lg-10\"><\/div><\/div><\/div><\/div><\/div><div class=\"nt_clearfix\"><\/div>","protected":false},"excerpt":{"rendered":"Transition to Organic Partnership Program TOPPTOPP is a program of the USDA Organic Transition Initiative and is administered by the USDA Agricultural Marketing Service (AMS) National Organic Program (NOP)HomeTOPP PARTNERSHIPGrain Place Foundation is a Partner with Organic Crop Improvement Association (OCIA) in the Plains Region of the USDA Transition to Organic Partnership Program (TOPP). The...","protected":false},"author":1,"featured_media":0,"parent":0,"menu_order":0,"comment_status":"closed","ping_status":"closed","template":"custom-page.php","meta":{"om_disable_all_campaigns":false,"_monsterinsights_skip_tracking":false,"_monsterinsights_sitenote_active":false,"_monsterinsights_sitenote_note":"","_monsterinsights_sitenote_category":0,"_uf_show_specific_survey":0,"_uf_disable_surveys":false,"footnotes":""},"class_list":["post-1524","page","type-page","status-publish","hentry"," nt-post-class"],"aioseo_notices":[],"_links":{"self":[{"href":"https:\/\/www.grainplacefoundation.org\/espanol\/wp-json\/wp\/v2\/pages\/1524","targetHints":{"allow":["GET"]}}],"collection":[{"href":"https:\/\/www.grainplacefoundation.org\/espanol\/wp-json\/wp\/v2\/pages"}],"about":[{"href":"https:\/\/www.grainplacefoundation.org\/espanol\/wp-json\/wp\/v2\/types\/page"}],"author":[{"embeddable":true,"href":"https:\/\/www.grainplacefoundation.org\/espanol\/wp-json\/wp\/v2\/users\/1"}],"replies":[{"embeddable":true,"href":"https:\/\/www.grainplacefoundation.org\/espanol\/wp-json\/wp\/v2\/comments?post=1524"}],"version-history":[{"count":95,"href":"https:\/\/www.grainplacefoundation.org\/espanol\/wp-json\/wp\/v2\/pages\/1524\/revisions"}],"predecessor-version":[{"id":2710,"href":"https:\/\/www.grainplacefoundation.org\/espanol\/wp-json\/wp\/v2\/pages\/1524\/revisions\/2710"}],"wp:attachment":[{"href":"https:\/\/www.grainplacefoundation.org\/espanol\/wp-json\/wp\/v2\/media?parent=1524"}],"curies":[{"name":"wp","href":"https:\/\/api.w.org\/{rel}","templated":true}]}}